{"id":251290,"date":"2023-02-28T15:35:22","date_gmt":"2023-02-28T13:35:22","guid":{"rendered":"https:\/\/ctactiva.es\/politica-de-privacidad-y-proteccion-de-datos\/"},"modified":"2025-04-11T11:21:46","modified_gmt":"2025-04-11T09:21:46","slug":"politica-de-privacidade-e-protecao-de-dados","status":"publish","type":"page","link":"https:\/\/ctactiva.es\/pt-pt\/politica-de-privacidade-e-protecao-de-dados\/","title":{"rendered":"Pol\u00edtica de privacidade e prote\u00e7\u00e3o de dados"},"content":{"rendered":"&#13;\n<div class=\"avada-page-titlebar-wrapper\" role=\"banner\">&#13;\n<div class=\"fusion-page-title-bar fusion-page-title-bar-breadcrumbs fusion-page-title-bar-left\">&#13;\n<div class=\"fusion-page-title-row\">&#13;\n<div class=\"fusion-page-title-wrapper\">&#13;\n<div class=\"fusion-page-title-captions\">\u00a0<\/div>&#13;\n<\/div>&#13;\n<\/div>&#13;\n<\/div>&#13;\n<\/div>&#13;\n<main id=\"main\" class=\"clearfix \">&#13;\n<div class=\"fusion-row\">&#13;\n<section id=\"content\">&#13;\n<div id=\"post-12014\" class=\"post-12014 page type-page status-publish hentry\">&#13;\n<div class=\"post-content\">&#13;\n<p><strong>1.- \u00bfQui\u00e9n es el responsable del tratamiento de sus datos?\u00a0\u00a0\u00a0\u00a0\u00a0\u00a0<\/strong><\/p>&#13;\n<p>CAD TECH IB\u00c9RICA, S.A. es el responsable del tratamiento de los datos personales que usted nos proporciona.<\/p>&#13;\n<p><strong>Identidad:<\/strong>\u00a0CAD TECH IB\u00c9RICA, S.A.<\/p>&#13;\n<p><strong>C.I.F.:<\/strong>\u00a0\u00a0A78891421<\/p>&#13;\n<p><strong>Direcci\u00f3n postal<\/strong>: Av \u00a0Leonardo da Vinci 15, Parque empresarial \u201cLa Carpetania\u201d, 28906, Getafe (Madrid),<\/p>&#13;\n<p><strong>Tel\u00e9fono de contacto:\u00a0<\/strong><a href=\"https:\/\/web.archive.org\/web\/20240105002033\/tel:800%20007%20177\">800 007 177<\/a><\/p>&#13;\n<p><strong>Correo electr\u00f3nico:<\/strong>\u00a0<a href=\"https:\/\/web.archive.org\/web\/20240105002033\/mailto:lopd@ctgrupo.com\">lopd@ctgrupo.com<\/a><\/p>&#13;\n<p><strong><br\/>2.- \u00bfCu\u00e1les son las finalidades principales del tratamiento de sus datos?<\/strong><\/p>&#13;\n<p>Las finalidades del tratamiento de sus datos son\u00a0<u>gestionar la solicitud formulada, incluyendo la atenci\u00f3n a sus consultas y solicitudes de informaci\u00f3n<\/u>, y\u00a0<u>enviarle comunicaciones y ofertas comerciales relativas a los productos y\/o servicios ofrecidos por CAD TECH IB\u00c9RICA<\/u>, que pueden resultar de su inter\u00e9s por cualquier medio, automatizado o no (correo electr\u00f3nico, SMS, MMS, fax, Internet, tel\u00e9fono, correo postal, etc..).<\/p>&#13;\n<p>\u00a0<\/p>&#13;\n<p><strong>3.- \u00bfCu\u00e1l es la legitimaci\u00f3n para el tratamiento de sus datos?<\/strong><\/p>&#13;\n<p>La base legal de los tratamiento anteriormente mencionado es la existencia de\u00a0<u>medidas precontractuales<\/u>, una\u00a0<u>relaci\u00f3n contractual<\/u>, nuestro\u00a0<u>inter\u00e9s leg\u00edtimo,<\/u>\u00a0y su\u00a0<u>consentimiento.<\/u><\/p>&#13;\n<p><strong>\u00a0<\/strong><\/p>&#13;\n<p><strong>4.- \u00bfPor cu\u00e1nto tiempo conservaremos sus datos?<\/strong><\/p>&#13;\n<p>Los datos obtenidos y tratados para\u00a0<u>gestionar cualquier duda y consulta<\/u>\u00a0ser\u00e1n conservados\u00a0<u>durante 100 d\u00edas<\/u>\u00a0una vez resueltas las mismas.<\/p>&#13;\n<p>Respecto al\u00a0<u>env\u00edo de informaci\u00f3n y ofertas comerciales<\/u>\u00a0propias, ser\u00e1n conservados hasta que retire su consentimiento. Para el marketing por correo electr\u00f3nico le consideraremos como un cliente inactivo si no ha abierto un correo electr\u00f3nico en el \u00faltimo a\u00f1o o si no nos ha comprado durante los \u00faltimos 3 a\u00f1os.<\/p>&#13;\n<p>Siempre que los datos dejen de ser necesarios para la finalidad para la que fueron recogidos ser\u00e1n eliminados cuando sea posible y mientras no sea posible, ser\u00e1n debidamente bloqueados quedando a disposici\u00f3n de Jueces y Tribunales, o las Administraciones P\u00fablicas competentes, en particular las autoridades de protecci\u00f3n de datos para la atenci\u00f3n de las posibles responsabilidades derivadas del tratamiento de los datos.<\/p>&#13;\n<p>\u00a0<\/p>&#13;\n<p><strong>5.- \u00bfQui\u00e9nes podr\u00e1n ser destinatarios de la comunicaci\u00f3n de datos?<\/strong><\/p>&#13;\n<p>Le informamos que nunca cedemos, vendemos ni intercambiamos sus datos personales con terceros sin su consentimiento expreso. En caso de cesi\u00f3n, CAD TECH IB\u00c9RICA, S.A. informar\u00e1 expresa e inequ\u00edvocamente al usuario sobre la cesi\u00f3n de sus datos de car\u00e1cter personal, indicando la identidad de los cesionarios y la finalidad de la cesi\u00f3n de los datos.<\/p>&#13;\n<p>No obstante, sus datos podr\u00edan ser cedidos a los organismos y\/o autoridades competentes en los casos de que exista una obligaci\u00f3n o requerimiento legal.<\/p>&#13;\n<p>\u00a0<\/p>&#13;\n<p><strong>6.- \u00bfCu\u00e1les son sus derechos cuando nos facilita sus datos?<\/strong><\/p>&#13;\n<p>Cualquier persona tiene derecho a obtener confirmaci\u00f3n sobre si en CAD TECH IB\u00c9RICA, S.A. estamos tratando datos personales que le conciernen o no.<\/p>&#13;\n<p>Usted tiene derecho a acceder a sus datos personales, as\u00ed como a solicitar la rectificaci\u00f3n de los datos inexactos o, en su caso, solicitar la supresi\u00f3n cuando, entre otros motivos, los datos ya no sean necesarios para los fines para los que fueron recogidos.<\/p>&#13;\n<p>En determinadas ocasiones, podr\u00e1 solicitar la limitaci\u00f3n del tratamiento de sus datos, en cuyo caso \u00fanicamente los conservaremos para el ejercicio o la defensa de reclamaciones.<\/p>&#13;\n<p>En determinadas circunstancias y, por motivos relacionados con su situaci\u00f3n particular, podr\u00e1 oponerse al tratamiento de sus datos. CAD TECH IB\u00c9RICA, S.A. dejar\u00e1 de tratar los datos, salvo por motivos leg\u00edtimos imperiosos, o el ejercicio de defensa de posibles reclamaciones.<\/p>&#13;\n<p>Las personas interesadas, y siempre que sea t\u00e9cnicamente posible, tienen derecho a:<\/p>&#13;\n<ul>&#13;\n<li>Acceso<\/li>&#13;\n<li>Rectificaci\u00f3n<\/li>&#13;\n<li>Oposici\u00f3n<\/li>&#13;\n<li>Supresi\u00f3n (derecho \u201cal olvido\u201d)<\/li>&#13;\n<li>Limitaci\u00f3n del tratamiento<\/li>&#13;\n<li>Portabilidad<\/li>&#13;\n<li>Derecho a no ser objeto de decisiones individuales automatizadas<\/li>&#13;\n<li>Derecho de informaci\u00f3n<\/li>&#13;\n<\/ul>&#13;\n<p>\u00a0<\/p>&#13;\n<p>Asimismo, usted\u00a0<u>tiene derecho a retirar en cualquier momento el consentimiento prestado<\/u>.<\/p>&#13;\n<p>Para el ejercicio de sus derechos le rogamos que nos lo comunique por escrito a CAD TECH IB\u00c9RICA, S.A. indicando su nombre, apellidos, direcci\u00f3n, acompa\u00f1ado de una copia de su documento oficial de identificaci\u00f3n a Av \u00a0Leonardo da Vinci 15, Parque empresarial \u201cLa Carpetania\u201d, 28906, Getafe (Madrid), o env\u00edenos un e-mail a\u00a0<a href=\"https:\/\/web.archive.org\/web\/20240105002033\/mailto:lopd@ctgrupo.com\">lopd@ctgrupo.com<\/a>\u00a0.<\/p>&#13;\n<p>Le informamos del derecho que le asiste a presentar reclamaci\u00f3n ante la Autoridad de Control (AEPD), y dem\u00e1s organismos p\u00fablicos competentes para cualquier reclamaci\u00f3n derivada de sus datos personales.<\/p>&#13;\n<p>\u00a0<\/p>&#13;\n<p><strong>7.- Informaci\u00f3n adicional<\/strong><\/p>&#13;\n<p><u>Menores de edad:<\/u>\u00a0Los menores de 18 a\u00f1os deben abstenerse de facilitarnos sus datos personales. Nuestros servicios se encuentran destinados para mayores de edad.<\/p>&#13;\n<p><u>Actualizaci\u00f3n de los datos:<\/u>\u00a0Usted se compromete a comunicar, de forma inmediata, cualquier modificaci\u00f3n de sus datos, con el fin de que la informaci\u00f3n que ostentemos \u00e9ste en todo momento actualizada y no contenga errores.<\/p>&#13;\n<p><u>Enlaces:<\/u>\u00a0El Sitio Web puede contener enlaces a otras p\u00e1ginas webs. Tenga en cuenta que no somos responsables de la privacidad y el tratamiento de datos de otras p\u00e1ginas webs. Esta Pol\u00edtica de Privacidad es aplicable exclusivamente a la informaci\u00f3n que se recaba en el Sitio Web. Le recomendamos que lea las pol\u00edticas de privacidad y tratamiento de datos de otras p\u00e1ginas web con las que enlace desde nuestro Sitio Web o que visite de cualquier otro modo.<\/p>&#13;\n<p>Si todav\u00eda tiene dudas relativas a esta pol\u00edtica de privacidad, no dude en contactar con nosotros. Estaremos encantados de poder ayudarle.<\/p>&#13;\n<\/div>&#13;\n<\/div>&#13;\n<\/section>&#13;\n<\/div>&#13;\n<\/main>&#13;\n<div class=\"fusion-footer\"><footer class=\"fusion-footer-widget-area fusion-widget-area fusion-footer-widget-area-center\">&#13;\n<div class=\"fusion-row\">&#13;\n<div class=\"fusion-columns fusion-columns-3 fusion-widget-area\">&#13;\n<div class=\"fusion-column col-lg-4 col-md-4 col-sm-4 fusion-has-widgets\">&#13;\n<section id=\"text-7\" class=\"fusion-footer-widget-column widget widget_text\">&#13;\n<h4 class=\"widget-title wp-block-heading\">Portugal<\/h4>&#13;\n<div class=\"textwidget\">&#13;\n<p>Rua de Fundoes, 151 \u2013 S2, B, Piso 3<br\/>Edificio Sanjotec, 2<br\/>3700 \u2013 121 Sao Joao Da Madeira<\/p>&#13;\n<p><strong>Tlf:<\/strong>\u00a0<a href=\"https:\/\/web.archive.org\/web\/20240105002033\/tel:+34%20932%20768%20925\">+351 256 379 840<\/a><\/p>&#13;\n<\/div>&#13;\n<div>\u00a0<\/div>&#13;\n<\/section>&#13;\n<\/div>&#13;\n<div class=\"fusion-column col-lg-4 col-md-4 col-sm-4 fusion-has-widgets\">&#13;\n<section id=\"text-2\" class=\"fusion-widget-mobile-align-center fusion-widget-align-left fusion-footer-widget-column widget widget_text\">&#13;\n<h4 class=\"widget-title\">Barcelona<\/h4>&#13;\n<div class=\"textwidget\">&#13;\n<p>Calle Almog\u00e0vers, 119-123<br\/>Edificio Ecourban \u2013 4\u00aa Planta Oficina 3<br\/>08018 Barcelona \u2013 BARCELONA<\/p>&#13;\n<p><strong>Tlf:<\/strong>\u00a0<a href=\"https:\/\/web.archive.org\/web\/20240105002033\/tel:+34%20932%20768%20925\">+34 932 768 925<\/a><br\/><strong>Fax:<\/strong>\u00a0<a href=\"https:\/\/web.archive.org\/web\/20240105002033\/tel:+34%20913%20589%20458\">+34 913 589 458<\/a><\/p>&#13;\n<\/div>&#13;\n<div>\u00a0<\/div>&#13;\n<\/section>&#13;\n<\/div>&#13;\n<div class=\"fusion-column fusion-column-last col-lg-4 col-md-4 col-sm-4 fusion-has-widgets\">&#13;\n<section id=\"text-3\" class=\"fusion-widget-mobile-align-center fusion-widget-align-left fusion-footer-widget-column widget widget_text\">&#13;\n<h4 class=\"widget-title\">Madrid<\/h4>&#13;\n<div class=\"textwidget\">&#13;\n<p>Parque Empresarial \u201cLa Carpetania\u201d<br\/>Av. Leonardo da Vinci 15<br\/>28906, Getafe \u2013 MADRID<\/p>&#13;\n<p><strong>Tlf:<\/strong>\u00a0<a href=\"https:\/\/web.archive.org\/web\/20240105002033\/tel:+34%20913%20588%20688\">+34 913 588 688<\/a><br\/><strong>Fax:<\/strong>\u00a0<a href=\"https:\/\/web.archive.org\/web\/20240105002033\/tel:+34%20913%20589%20458\">+34 913 589 458<\/a><\/p>&#13;\n<\/div>&#13;\n<\/section>&#13;\n<\/div>&#13;\n<\/div>&#13;\n<\/div>&#13;\n<\/footer><\/div>&#13;\n","protected":false},"excerpt":{"rendered":"<p>&#13; &#13; &#13; &#13; &#13; \u00a0&#13; &#13; &#13; &#13; &#13; &#13; &#13; &#13; &#13; &#13; 1.- \u00bfQui\u00e9n es el responsable del tratamiento de sus datos?\u00a0\u00a0\u00a0\u00a0\u00a0\u00a0&#13; CAD TECH IB\u00c9RICA, S.A. es el responsable del tratamiento de los datos personales que usted nos proporciona.&#13; Identidad:\u00a0CAD TECH IB\u00c9RICA, S.A.&#13; C.I.F.:\u00a0\u00a0A78891421&#13; Direcci\u00f3n postal: Av \u00a0Leonardo da Vinci 15, Parque empresarial \u201cLa Carpetania\u201d, 28906, Getafe (Madrid),&#13; Tel\u00e9fono de contacto:\u00a0800 007 177&#13; Correo electr\u00f3nico:\u00a0lopd@ctgrupo.com&#13; 2.- \u00bfCu\u00e1les son las finalidades principales del tratamiento de sus datos?&#13; Las finalidades del tratamiento de sus datos son\u00a0gestionar la solicitud formulada, incluyendo la atenci\u00f3n a sus consultas y solicitudes de informaci\u00f3n, y\u00a0enviarle comunicaciones y ofertas comerciales relativas a los productos y\/o servicios ofrecidos por CAD TECH IB\u00c9RICA, que pueden resultar de su inter\u00e9s por cualquier medio, automatizado o no (correo electr\u00f3nico, SMS, MMS, fax, Internet, tel\u00e9fono, correo postal, etc..).&#13; \u00a0&#13; 3.- \u00bfCu\u00e1l es la legitimaci\u00f3n para el tratamiento de sus datos?&#13; La base legal de los tratamiento anteriormente mencionado es la existencia de\u00a0medidas precontractuales, una\u00a0relaci\u00f3n contractual, nuestro\u00a0inter\u00e9s leg\u00edtimo,\u00a0y su\u00a0consentimiento.&#13; \u00a0&#13; 4.- \u00bfPor cu\u00e1nto tiempo conservaremos sus datos?&#13; Los datos obtenidos y tratados para\u00a0gestionar cualquier duda y consulta\u00a0ser\u00e1n conservados\u00a0durante 100 d\u00edas\u00a0una vez resueltas las mismas.&#13; Respecto al\u00a0env\u00edo de informaci\u00f3n y ofertas comerciales\u00a0propias, [&hellip;]<\/p>\n","protected":false},"author":1,"featured_media":0,"parent":0,"menu_order":0,"comment_status":"closed","ping_status":"open","template":"","meta":{"_et_pb_use_builder":"on","_et_pb_old_content":"","_et_gb_content_width":"","inline_featured_image":false,"footnotes":""},"class_list":["post-251290","page","type-page","status-publish","hentry"],"yoast_head":"<!-- This site is optimized with the Yoast SEO plugin v27.4 - https:\/\/yoast.com\/product\/yoast-seo-wordpress\/ -->\r\n<title>Pol\u00edtica de privacidade e prote\u00e7\u00e3o de dados - CT Activa<\/title>\r\n<meta name=\"robots\" content=\"index, follow, max-snippet:-1, max-image-preview:large, max-video-preview:-1\" \/>\r\n<link rel=\"canonical\" href=\"https:\/\/ctactiva.es\/pt-pt\/politica-de-privacidade-e-protecao-de-dados\/\" \/>\r\n<meta property=\"og:locale\" content=\"pt_PT\" \/>\r\n<meta property=\"og:type\" content=\"article\" \/>\r\n<meta property=\"og:title\" content=\"Pol\u00edtica de privacidade e prote\u00e7\u00e3o de dados - CT Activa\" \/>\r\n<meta property=\"og:description\" content=\"&#013; &#013; &#013; &#013; &#013; \u00a0&#013; &#013; &#013; &#013; &#013; &#013; &#013; &#013; &#013; &#013; 1.- \u00bfQui\u00e9n es el responsable del tratamiento de sus datos?\u00a0\u00a0\u00a0\u00a0\u00a0\u00a0&#013; CAD TECH IB\u00c9RICA, S.A. es el responsable del tratamiento de los datos personales que usted nos proporciona.&#013; Identidad:\u00a0CAD TECH IB\u00c9RICA, S.A.&#013; C.I.F.:\u00a0\u00a0A78891421&#013; Direcci\u00f3n postal: Av \u00a0Leonardo da Vinci 15, Parque empresarial \u201cLa Carpetania\u201d, 28906, Getafe (Madrid),&#013; Tel\u00e9fono de contacto:\u00a0800 007 177&#013; Correo electr\u00f3nico:\u00a0lopd@ctgrupo.com&#013; 2.- \u00bfCu\u00e1les son las finalidades principales del tratamiento de sus datos?&#013; Las finalidades del tratamiento de sus datos son\u00a0gestionar la solicitud formulada, incluyendo la atenci\u00f3n a sus consultas y solicitudes de informaci\u00f3n, y\u00a0enviarle comunicaciones y ofertas comerciales relativas a los productos y\/o servicios ofrecidos por CAD TECH IB\u00c9RICA, que pueden resultar de su inter\u00e9s por cualquier medio, automatizado o no (correo electr\u00f3nico, SMS, MMS, fax, Internet, tel\u00e9fono, correo postal, etc..).&#013; \u00a0&#013; 3.- \u00bfCu\u00e1l es la legitimaci\u00f3n para el tratamiento de sus datos?&#013; La base legal de los tratamiento anteriormente mencionado es la existencia de\u00a0medidas precontractuales, una\u00a0relaci\u00f3n contractual, nuestro\u00a0inter\u00e9s leg\u00edtimo,\u00a0y su\u00a0consentimiento.&#013; \u00a0&#013; 4.- \u00bfPor cu\u00e1nto tiempo conservaremos sus datos?&#013; Los datos obtenidos y tratados para\u00a0gestionar cualquier duda y consulta\u00a0ser\u00e1n conservados\u00a0durante 100 d\u00edas\u00a0una vez resueltas las mismas.&#013; Respecto al\u00a0env\u00edo de informaci\u00f3n y ofertas comerciales\u00a0propias, [&hellip;]\" \/>\r\n<meta property=\"og:url\" content=\"https:\/\/ctactiva.es\/pt-pt\/politica-de-privacidade-e-protecao-de-dados\/\" \/>\r\n<meta property=\"og:site_name\" content=\"CT Activa\" \/>\r\n<meta property=\"article:modified_time\" content=\"2025-04-11T09:21:46+00:00\" \/>\r\n<meta name=\"twitter:card\" content=\"summary_large_image\" \/>\r\n<meta name=\"twitter:label1\" content=\"Tempo estimado de leitura\" \/>\n\t<meta name=\"twitter:data1\" content=\"5 minutos\" \/>\r\n<script type=\"application\/ld+json\" class=\"yoast-schema-graph\">{\"@context\":\"https:\\\/\\\/schema.org\",\"@graph\":[{\"@type\":\"WebPage\",\"@id\":\"https:\\\/\\\/ctactiva.es\\\/pt-pt\\\/politica-de-privacidade-e-protecao-de-dados\\\/\",\"url\":\"https:\\\/\\\/ctactiva.es\\\/pt-pt\\\/politica-de-privacidade-e-protecao-de-dados\\\/\",\"name\":\"Pol\u00edtica de privacidade e prote\u00e7\u00e3o de dados - CT Activa\",\"isPartOf\":{\"@id\":\"https:\\\/\\\/ctactiva.es\\\/pt-pt\\\/#website\"},\"datePublished\":\"2023-02-28T13:35:22+00:00\",\"dateModified\":\"2025-04-11T09:21:46+00:00\",\"breadcrumb\":{\"@id\":\"https:\\\/\\\/ctactiva.es\\\/pt-pt\\\/politica-de-privacidade-e-protecao-de-dados\\\/#breadcrumb\"},\"inLanguage\":\"pt-PT\",\"potentialAction\":[{\"@type\":\"ReadAction\",\"target\":[\"https:\\\/\\\/ctactiva.es\\\/pt-pt\\\/politica-de-privacidade-e-protecao-de-dados\\\/\"]}]},{\"@type\":\"BreadcrumbList\",\"@id\":\"https:\\\/\\\/ctactiva.es\\\/pt-pt\\\/politica-de-privacidade-e-protecao-de-dados\\\/#breadcrumb\",\"itemListElement\":[{\"@type\":\"ListItem\",\"position\":1,\"name\":\"Portada\",\"item\":\"https:\\\/\\\/ctactiva.es\\\/pt-pt\\\/\"},{\"@type\":\"ListItem\",\"position\":2,\"name\":\"Pol\u00edtica de privacidade e prote\u00e7\u00e3o de dados\"}]},{\"@type\":\"WebSite\",\"@id\":\"https:\\\/\\\/ctactiva.es\\\/pt-pt\\\/#website\",\"url\":\"https:\\\/\\\/ctactiva.es\\\/pt-pt\\\/\",\"name\":\"CT Activa\",\"description\":\"L\u00edderes en la gesti\u00f3n de activos inmobiliarios e industriales\",\"publisher\":{\"@id\":\"https:\\\/\\\/ctactiva.es\\\/pt-pt\\\/#organization\"},\"alternateName\":\"CT Activa\",\"potentialAction\":[{\"@type\":\"SearchAction\",\"target\":{\"@type\":\"EntryPoint\",\"urlTemplate\":\"https:\\\/\\\/ctactiva.es\\\/pt-pt\\\/?s={search_term_string}\"},\"query-input\":{\"@type\":\"PropertyValueSpecification\",\"valueRequired\":true,\"valueName\":\"search_term_string\"}}],\"inLanguage\":\"pt-PT\"},{\"@type\":\"Organization\",\"@id\":\"https:\\\/\\\/ctactiva.es\\\/pt-pt\\\/#organization\",\"name\":\"CT Activa\",\"url\":\"https:\\\/\\\/ctactiva.es\\\/pt-pt\\\/\",\"logo\":{\"@type\":\"ImageObject\",\"inLanguage\":\"pt-PT\",\"@id\":\"https:\\\/\\\/ctactiva.es\\\/pt-pt\\\/#\\\/schema\\\/logo\\\/image\\\/\",\"url\":\"https:\\\/\\\/ctactiva.es\\\/wp-content\\\/uploads\\\/2023\\\/12\\\/Logo-Activa-positive-version.svg\",\"contentUrl\":\"https:\\\/\\\/ctactiva.es\\\/wp-content\\\/uploads\\\/2023\\\/12\\\/Logo-Activa-positive-version.svg\",\"width\":1,\"height\":1,\"caption\":\"CT Activa\"},\"image\":{\"@id\":\"https:\\\/\\\/ctactiva.es\\\/pt-pt\\\/#\\\/schema\\\/logo\\\/image\\\/\"},\"sameAs\":[\"https:\\\/\\\/www.linkedin.com\\\/company\\\/ctactiva\\\/\"]}]}<\/script>\r\n<!-- \/ Yoast SEO plugin. -->","yoast_head_json":{"title":"Pol\u00edtica de privacidade e prote\u00e7\u00e3o de dados - CT Activa","robots":{"index":"index","follow":"follow","max-snippet":"max-snippet:-1","max-image-preview":"max-image-preview:large","max-video-preview":"max-video-preview:-1"},"canonical":"https:\/\/ctactiva.es\/pt-pt\/politica-de-privacidade-e-protecao-de-dados\/","og_locale":"pt_PT","og_type":"article","og_title":"Pol\u00edtica de privacidade e prote\u00e7\u00e3o de dados - CT Activa","og_description":"&#13; &#13; &#13; &#13; &#13; \u00a0&#13; &#13; &#13; &#13; &#13; &#13; &#13; &#13; &#13; &#13; 1.- \u00bfQui\u00e9n es el responsable del tratamiento de sus datos?\u00a0\u00a0\u00a0\u00a0\u00a0\u00a0&#13; CAD TECH IB\u00c9RICA, S.A. es el responsable del tratamiento de los datos personales que usted nos proporciona.&#13; Identidad:\u00a0CAD TECH IB\u00c9RICA, S.A.&#13; C.I.F.:\u00a0\u00a0A78891421&#13; Direcci\u00f3n postal: Av \u00a0Leonardo da Vinci 15, Parque empresarial \u201cLa Carpetania\u201d, 28906, Getafe (Madrid),&#13; Tel\u00e9fono de contacto:\u00a0800 007 177&#13; Correo electr\u00f3nico:\u00a0lopd@ctgrupo.com&#13; 2.- \u00bfCu\u00e1les son las finalidades principales del tratamiento de sus datos?&#13; Las finalidades del tratamiento de sus datos son\u00a0gestionar la solicitud formulada, incluyendo la atenci\u00f3n a sus consultas y solicitudes de informaci\u00f3n, y\u00a0enviarle comunicaciones y ofertas comerciales relativas a los productos y\/o servicios ofrecidos por CAD TECH IB\u00c9RICA, que pueden resultar de su inter\u00e9s por cualquier medio, automatizado o no (correo electr\u00f3nico, SMS, MMS, fax, Internet, tel\u00e9fono, correo postal, etc..).&#13; \u00a0&#13; 3.- \u00bfCu\u00e1l es la legitimaci\u00f3n para el tratamiento de sus datos?&#13; La base legal de los tratamiento anteriormente mencionado es la existencia de\u00a0medidas precontractuales, una\u00a0relaci\u00f3n contractual, nuestro\u00a0inter\u00e9s leg\u00edtimo,\u00a0y su\u00a0consentimiento.&#13; \u00a0&#13; 4.- \u00bfPor cu\u00e1nto tiempo conservaremos sus datos?&#13; Los datos obtenidos y tratados para\u00a0gestionar cualquier duda y consulta\u00a0ser\u00e1n conservados\u00a0durante 100 d\u00edas\u00a0una vez resueltas las mismas.&#13; Respecto al\u00a0env\u00edo de informaci\u00f3n y ofertas comerciales\u00a0propias, [&hellip;]","og_url":"https:\/\/ctactiva.es\/pt-pt\/politica-de-privacidade-e-protecao-de-dados\/","og_site_name":"CT Activa","article_modified_time":"2025-04-11T09:21:46+00:00","twitter_card":"summary_large_image","twitter_misc":{"Tempo estimado de leitura":"5 minutos"},"schema":{"@context":"https:\/\/schema.org","@graph":[{"@type":"WebPage","@id":"https:\/\/ctactiva.es\/pt-pt\/politica-de-privacidade-e-protecao-de-dados\/","url":"https:\/\/ctactiva.es\/pt-pt\/politica-de-privacidade-e-protecao-de-dados\/","name":"Pol\u00edtica de privacidade e prote\u00e7\u00e3o de dados - CT Activa","isPartOf":{"@id":"https:\/\/ctactiva.es\/pt-pt\/#website"},"datePublished":"2023-02-28T13:35:22+00:00","dateModified":"2025-04-11T09:21:46+00:00","breadcrumb":{"@id":"https:\/\/ctactiva.es\/pt-pt\/politica-de-privacidade-e-protecao-de-dados\/#breadcrumb"},"inLanguage":"pt-PT","potentialAction":[{"@type":"ReadAction","target":["https:\/\/ctactiva.es\/pt-pt\/politica-de-privacidade-e-protecao-de-dados\/"]}]},{"@type":"BreadcrumbList","@id":"https:\/\/ctactiva.es\/pt-pt\/politica-de-privacidade-e-protecao-de-dados\/#breadcrumb","itemListElement":[{"@type":"ListItem","position":1,"name":"Portada","item":"https:\/\/ctactiva.es\/pt-pt\/"},{"@type":"ListItem","position":2,"name":"Pol\u00edtica de privacidade e prote\u00e7\u00e3o de dados"}]},{"@type":"WebSite","@id":"https:\/\/ctactiva.es\/pt-pt\/#website","url":"https:\/\/ctactiva.es\/pt-pt\/","name":"CT Activa","description":"L\u00edderes en la gesti\u00f3n de activos inmobiliarios e industriales","publisher":{"@id":"https:\/\/ctactiva.es\/pt-pt\/#organization"},"alternateName":"CT Activa","potentialAction":[{"@type":"SearchAction","target":{"@type":"EntryPoint","urlTemplate":"https:\/\/ctactiva.es\/pt-pt\/?s={search_term_string}"},"query-input":{"@type":"PropertyValueSpecification","valueRequired":true,"valueName":"search_term_string"}}],"inLanguage":"pt-PT"},{"@type":"Organization","@id":"https:\/\/ctactiva.es\/pt-pt\/#organization","name":"CT Activa","url":"https:\/\/ctactiva.es\/pt-pt\/","logo":{"@type":"ImageObject","inLanguage":"pt-PT","@id":"https:\/\/ctactiva.es\/pt-pt\/#\/schema\/logo\/image\/","url":"https:\/\/ctactiva.es\/wp-content\/uploads\/2023\/12\/Logo-Activa-positive-version.svg","contentUrl":"https:\/\/ctactiva.es\/wp-content\/uploads\/2023\/12\/Logo-Activa-positive-version.svg","width":1,"height":1,"caption":"CT Activa"},"image":{"@id":"https:\/\/ctactiva.es\/pt-pt\/#\/schema\/logo\/image\/"},"sameAs":["https:\/\/www.linkedin.com\/company\/ctactiva\/"]}]}},"_links":{"self":[{"href":"https:\/\/ctactiva.es\/pt-pt\/wp-json\/wp\/v2\/pages\/251290","targetHints":{"allow":["GET"]}}],"collection":[{"href":"https:\/\/ctactiva.es\/pt-pt\/wp-json\/wp\/v2\/pages"}],"about":[{"href":"https:\/\/ctactiva.es\/pt-pt\/wp-json\/wp\/v2\/types\/page"}],"author":[{"embeddable":true,"href":"https:\/\/ctactiva.es\/pt-pt\/wp-json\/wp\/v2\/users\/1"}],"replies":[{"embeddable":true,"href":"https:\/\/ctactiva.es\/pt-pt\/wp-json\/wp\/v2\/comments?post=251290"}],"version-history":[{"count":0,"href":"https:\/\/ctactiva.es\/pt-pt\/wp-json\/wp\/v2\/pages\/251290\/revisions"}],"wp:attachment":[{"href":"https:\/\/ctactiva.es\/pt-pt\/wp-json\/wp\/v2\/media?parent=251290"}],"curies":[{"name":"wp","href":"https:\/\/api.w.org\/{rel}","templated":true}]}}